{"id":633,"date":"2022-10-25T08:13:36","date_gmt":"2022-10-25T08:13:36","guid":{"rendered":"https:\/\/raadihotell.ee\/kontakt-2\/"},"modified":"2025-08-12T08:55:26","modified_gmt":"2025-08-12T08:55:26","slug":"contacts","status":"publish","type":"page","link":"https:\/\/raadihotell.ee\/en\/contacts\/","title":{"rendered":"CONTACTS"},"content":{"rendered":"\n<div class=\"wp-block-cover alignfull is-light\" style=\"min-height:350px;aspect-ratio:unset;\"><img loading=\"lazy\" decoding=\"async\" width=\"1707\" height=\"2560\" class=\"wp-block-cover__image-background wp-image-258\" alt=\"\" src=\"https:\/\/raadihotell.ee\/wp-content\/uploads\/2022\/10\/1-25-scaled.jpg\" style=\"object-position:57% 42%\" data-object-fit=\"cover\" data-object-position=\"57% 42%\" srcset=\"https:\/\/raadihotell.ee\/wp-content\/uploads\/2022\/10\/1-25-scaled.jpg 1707w, https:\/\/raadihotell.ee\/wp-content\/uploads\/2022\/10\/1-25-200x300.jpg 200w, https:\/\/raadihotell.ee\/wp-content\/uploads\/2022\/10\/1-25-683x1024.jpg 683w, https:\/\/raadihotell.ee\/wp-content\/uploads\/2022\/10\/1-25-768x1152.jpg 768w, https:\/\/raadihotell.ee\/wp-content\/uploads\/2022\/10\/1-25-1024x1536.jpg 1024w, https:\/\/raadihotell.ee\/wp-content\/uploads\/2022\/10\/1-25-1365x2048.jpg 1365w, https:\/\/raadihotell.ee\/wp-content\/uploads\/2022\/10\/1-25-1568x2352.jpg 1568w\" sizes=\"auto, (max-width: 1707px) 100vw, 1707px\" \/><span aria-hidden=\"true\" class=\"wp-block-cover__background has-background-dim-0 has-background-dim\"><\/span><div class=\"wp-block-cover__inner-container is-layout-flow wp-block-cover-is-layout-flow\">\n<h1 class=\"wp-block-heading has-text-align-center has-black-color has-text-color\" style=\"letter-spacing:5px\">CONTACTS<\/h1>\n<\/div><\/div>\n\n\n\n<div style=\"height:10px\" aria-hidden=\"true\" class=\"wp-block-spacer\"><\/div>\n\n\n\n<div class=\"wp-block-columns alignwide is-layout-flex wp-container-core-columns-is-layout-9d6595d7 wp-block-columns-is-layout-flex\">\n<div class=\"wp-block-column is-vertically-aligned-center is-layout-flow wp-block-column-is-layout-flow\" style=\"flex-basis:100%\">\n<div class=\"wp-block-columns has-background is-layout-flex wp-container-core-columns-is-layout-9d6595d7 wp-block-columns-is-layout-flex\" style=\"background-color:#eff3f1\">\n<div class=\"wp-block-column is-vertically-aligned-center is-layout-flow wp-block-column-is-layout-flow\">\n<p class=\"has-text-align-center\" style=\"letter-spacing:1px\">M\u00f5isav\u00e4rava O\u00dc<br>Reg.nr. 16570202<br>VAT nr. EE102532955<br><br>Bank details:<br>SWEDBANK IBAN: EE122200221079954704<br>SWIFT: HABAEE2X<\/p>\n<\/div>\n\n\n\n<div class=\"wp-block-column is-vertically-aligned-center is-layout-flow wp-block-column-is-layout-flow\">\n<p class=\"has-text-align-center\" style=\"letter-spacing:1px\">M\u00f5isav\u00e4rava 1, 60534, Raadi, Tartu, Estonia<br><a href=\"Tel:+372 733 8050\">+372 733 8050<\/a><br><a href=\"Tel: +372 5306 4223\">+372 5306 4223<\/a><br><a href=\"mailto:info@raadihotell.ee\">info@raadihotell.ee<\/a><br><br>Information and bookings for sauna, seminar and restaurant:&nbsp;<br><a href=\"Tel:+372 5540150\">+372 5540150<\/a><br><a href=\"mailto:teenused@raadihotell.ee\">teenused@raadihotell.ee<\/a><br><br>You can park the car in front of the hotel on the existing parking lot for free. Those arriving by bicycle can lock the bicycle in the same bike storage lot. You must have a wheel lock!<\/p>\n<\/div>\n<\/div>\n<\/div>\n<\/div>\n\n\n\n<div style=\"height:11px\" aria-hidden=\"true\" class=\"wp-block-spacer\"><\/div>\n\n\n\n<div class=\"wp-block-webfactory-map alignfull google-map-edhotels\"><div class=\"wp-block-webfactory-map\"><iframe loading=\"lazy\" width=\"100%\" height=\"449px\" src=\"https:\/\/www.google.com\/maps\/embed\/v1\/place?q=Raadim%C3%B5isa%20Hotell&amp;maptype=roadmap&amp;zoom=15&amp;key=AIzaSyAjyDspiPfzEfjRSS5fQzm-3jHFjHxeXB4\" frameborder=\"0\"><\/iframe><\/div><\/div>\n","protected":false},"excerpt":{"rendered":"<p>M\u00f5isav\u00e4rava O\u00dcReg.nr. 16570202VAT nr. EE102532955 Bank details:SWEDBANK IBAN: EE122200221079954704SWIFT: HABAEE2X M\u00f5isav\u00e4rava 1, 60534, Raadi, Tartu, Estonia+372 733 8050+372 5306 4223info@raadihotell.ee Information and bookings for sauna, seminar and restaurant:&nbsp;+372 5540150teenused@raadihotell.ee You can park the car in front of the hotel on the existing parking lot for free. Those arriving by bicycle can lock the bicycle in [&hellip;]<\/p>\n","protected":false},"author":2,"featured_media":0,"parent":0,"menu_order":5,"comment_status":"closed","ping_status":"closed","template":"","meta":{"footnotes":""},"class_list":["post-633","page","type-page","status-publish","hentry"],"yoast_head":"<!-- This site is optimized with the Yoast SEO plugin v27.0 - https:\/\/yoast.com\/product\/yoast-seo-wordpress\/ -->\n<title>CONTACTS - Raadim\u00f5isa Hotell<\/title>\n<meta name=\"robots\" content=\"index, follow, max-snippet:-1, max-image-preview:large, max-video-preview:-1\" \/>\n<link rel=\"canonical\" href=\"https:\/\/raadihotell.ee\/en\/contacts\/\" \/>\n<meta property=\"og:locale\" content=\"en_US\" \/>\n<meta property=\"og:type\" content=\"article\" \/>\n<meta property=\"og:title\" content=\"CONTACTS - Raadim\u00f5isa Hotell\" \/>\n<meta property=\"og:description\" content=\"M\u00f5isav\u00e4rava O\u00dcReg.nr. 16570202VAT nr. EE102532955 Bank details:SWEDBANK IBAN: EE122200221079954704SWIFT: HABAEE2X M\u00f5isav\u00e4rava 1, 60534, Raadi, Tartu, Estonia+372 733 8050+372 5306 4223info@raadihotell.ee Information and bookings for sauna, seminar and restaurant:&nbsp;+372 5540150teenused@raadihotell.ee You can park the car in front of the hotel on the existing parking lot for free. Those arriving by bicycle can lock the bicycle in [&hellip;]\" \/>\n<meta property=\"og:url\" content=\"https:\/\/raadihotell.ee\/en\/contacts\/\" \/>\n<meta property=\"og:site_name\" content=\"Raadim\u00f5isa Hotell\" \/>\n<meta property=\"article:modified_time\" content=\"2025-08-12T08:55:26+00:00\" \/>\n<meta property=\"og:image\" content=\"https:\/\/raadihotell.ee\/wp-content\/uploads\/2022\/10\/1-25-scaled.jpg\" \/>\n\t<meta property=\"og:image:width\" content=\"1707\" \/>\n\t<meta property=\"og:image:height\" content=\"2560\" \/>\n\t<meta property=\"og:image:type\" content=\"image\/jpeg\" \/>\n<meta name=\"twitter:card\" content=\"summary_large_image\" \/>\n<meta name=\"twitter:label1\" content=\"Est. reading time\" \/>\n\t<meta name=\"twitter:data1\" content=\"1 minute\" \/>\n<script type=\"application\/ld+json\" class=\"yoast-schema-graph\">{\"@context\":\"https:\/\/schema.org\",\"@graph\":[{\"@type\":\"WebPage\",\"@id\":\"https:\/\/raadihotell.ee\/en\/contacts\/\",\"url\":\"https:\/\/raadihotell.ee\/en\/contacts\/\",\"name\":\"CONTACTS - Raadim\u00f5isa Hotell\",\"isPartOf\":{\"@id\":\"https:\/\/raadihotell.ee\/#website\"},\"primaryImageOfPage\":{\"@id\":\"https:\/\/raadihotell.ee\/en\/contacts\/#primaryimage\"},\"image\":{\"@id\":\"https:\/\/raadihotell.ee\/en\/contacts\/#primaryimage\"},\"thumbnailUrl\":\"https:\/\/raadihotell.ee\/wp-content\/uploads\/2022\/10\/1-25-scaled.jpg\",\"datePublished\":\"2022-10-25T08:13:36+00:00\",\"dateModified\":\"2025-08-12T08:55:26+00:00\",\"breadcrumb\":{\"@id\":\"https:\/\/raadihotell.ee\/en\/contacts\/#breadcrumb\"},\"inLanguage\":\"en-US\",\"potentialAction\":[{\"@type\":\"ReadAction\",\"target\":[\"https:\/\/raadihotell.ee\/en\/contacts\/\"]}]},{\"@type\":\"ImageObject\",\"inLanguage\":\"en-US\",\"@id\":\"https:\/\/raadihotell.ee\/en\/contacts\/#primaryimage\",\"url\":\"https:\/\/raadihotell.ee\/wp-content\/uploads\/2022\/10\/1-25-scaled.jpg\",\"contentUrl\":\"https:\/\/raadihotell.ee\/wp-content\/uploads\/2022\/10\/1-25-scaled.jpg\"},{\"@type\":\"BreadcrumbList\",\"@id\":\"https:\/\/raadihotell.ee\/en\/contacts\/#breadcrumb\",\"itemListElement\":[{\"@type\":\"ListItem\",\"position\":1,\"name\":\"Home\",\"item\":\"https:\/\/raadihotell.ee\/en\/\"},{\"@type\":\"ListItem\",\"position\":2,\"name\":\"CONTACTS\"}]},{\"@type\":\"WebSite\",\"@id\":\"https:\/\/raadihotell.ee\/#website\",\"url\":\"https:\/\/raadihotell.ee\/\",\"name\":\"Raadim\u00f5isa Hotell\",\"description\":\"Raadim\u00f5isa Hotell Tartus\",\"potentialAction\":[{\"@type\":\"SearchAction\",\"target\":{\"@type\":\"EntryPoint\",\"urlTemplate\":\"https:\/\/raadihotell.ee\/?s={search_term_string}\"},\"query-input\":{\"@type\":\"PropertyValueSpecification\",\"valueRequired\":true,\"valueName\":\"search_term_string\"}}],\"inLanguage\":\"en-US\"}]}<\/script>\n<!-- \/ Yoast SEO plugin. -->","yoast_head_json":{"title":"CONTACTS - Raadim\u00f5isa Hotell","robots":{"index":"index","follow":"follow","max-snippet":"max-snippet:-1","max-image-preview":"max-image-preview:large","max-video-preview":"max-video-preview:-1"},"canonical":"https:\/\/raadihotell.ee\/en\/contacts\/","og_locale":"en_US","og_type":"article","og_title":"CONTACTS - Raadim\u00f5isa Hotell","og_description":"M\u00f5isav\u00e4rava O\u00dcReg.nr. 16570202VAT nr. EE102532955 Bank details:SWEDBANK IBAN: EE122200221079954704SWIFT: HABAEE2X M\u00f5isav\u00e4rava 1, 60534, Raadi, Tartu, Estonia+372 733 8050+372 5306 4223info@raadihotell.ee Information and bookings for sauna, seminar and restaurant:&nbsp;+372 5540150teenused@raadihotell.ee You can park the car in front of the hotel on the existing parking lot for free. Those arriving by bicycle can lock the bicycle in [&hellip;]","og_url":"https:\/\/raadihotell.ee\/en\/contacts\/","og_site_name":"Raadim\u00f5isa Hotell","article_modified_time":"2025-08-12T08:55:26+00:00","og_image":[{"width":1707,"height":2560,"url":"https:\/\/raadihotell.ee\/wp-content\/uploads\/2022\/10\/1-25-scaled.jpg","type":"image\/jpeg"}],"twitter_card":"summary_large_image","twitter_misc":{"Est. reading time":"1 minute"},"schema":{"@context":"https:\/\/schema.org","@graph":[{"@type":"WebPage","@id":"https:\/\/raadihotell.ee\/en\/contacts\/","url":"https:\/\/raadihotell.ee\/en\/contacts\/","name":"CONTACTS - Raadim\u00f5isa Hotell","isPartOf":{"@id":"https:\/\/raadihotell.ee\/#website"},"primaryImageOfPage":{"@id":"https:\/\/raadihotell.ee\/en\/contacts\/#primaryimage"},"image":{"@id":"https:\/\/raadihotell.ee\/en\/contacts\/#primaryimage"},"thumbnailUrl":"https:\/\/raadihotell.ee\/wp-content\/uploads\/2022\/10\/1-25-scaled.jpg","datePublished":"2022-10-25T08:13:36+00:00","dateModified":"2025-08-12T08:55:26+00:00","breadcrumb":{"@id":"https:\/\/raadihotell.ee\/en\/contacts\/#breadcrumb"},"inLanguage":"en-US","potentialAction":[{"@type":"ReadAction","target":["https:\/\/raadihotell.ee\/en\/contacts\/"]}]},{"@type":"ImageObject","inLanguage":"en-US","@id":"https:\/\/raadihotell.ee\/en\/contacts\/#primaryimage","url":"https:\/\/raadihotell.ee\/wp-content\/uploads\/2022\/10\/1-25-scaled.jpg","contentUrl":"https:\/\/raadihotell.ee\/wp-content\/uploads\/2022\/10\/1-25-scaled.jpg"},{"@type":"BreadcrumbList","@id":"https:\/\/raadihotell.ee\/en\/contacts\/#breadcrumb","itemListElement":[{"@type":"ListItem","position":1,"name":"Home","item":"https:\/\/raadihotell.ee\/en\/"},{"@type":"ListItem","position":2,"name":"CONTACTS"}]},{"@type":"WebSite","@id":"https:\/\/raadihotell.ee\/#website","url":"https:\/\/raadihotell.ee\/","name":"Raadim\u00f5isa Hotell","description":"Raadim\u00f5isa Hotell Tartus","potentialAction":[{"@type":"SearchAction","target":{"@type":"EntryPoint","urlTemplate":"https:\/\/raadihotell.ee\/?s={search_term_string}"},"query-input":{"@type":"PropertyValueSpecification","valueRequired":true,"valueName":"search_term_string"}}],"inLanguage":"en-US"}]}},"_links":{"self":[{"href":"https:\/\/raadihotell.ee\/en\/wp-json\/wp\/v2\/pages\/633","targetHints":{"allow":["GET"]}}],"collection":[{"href":"https:\/\/raadihotell.ee\/en\/wp-json\/wp\/v2\/pages"}],"about":[{"href":"https:\/\/raadihotell.ee\/en\/wp-json\/wp\/v2\/types\/page"}],"author":[{"embeddable":true,"href":"https:\/\/raadihotell.ee\/en\/wp-json\/wp\/v2\/users\/2"}],"replies":[{"embeddable":true,"href":"https:\/\/raadihotell.ee\/en\/wp-json\/wp\/v2\/comments?post=633"}],"version-history":[{"count":5,"href":"https:\/\/raadihotell.ee\/en\/wp-json\/wp\/v2\/pages\/633\/revisions"}],"predecessor-version":[{"id":1306,"href":"https:\/\/raadihotell.ee\/en\/wp-json\/wp\/v2\/pages\/633\/revisions\/1306"}],"wp:attachment":[{"href":"https:\/\/raadihotell.ee\/en\/wp-json\/wp\/v2\/media?parent=633"}],"curies":[{"name":"wp","href":"https:\/\/api.w.org\/{rel}","templated":true}]}}