{"id":809,"date":"2022-10-25T08:13:36","date_gmt":"2022-10-25T08:13:36","guid":{"rendered":"https:\/\/raadihotell.ee\/kontakt-2\/"},"modified":"2025-08-12T08:56:38","modified_gmt":"2025-08-12T08:56:38","slug":"kontakt","status":"publish","type":"page","link":"https:\/\/raadihotell.ee\/ru\/kontakt\/","title":{"rendered":"\u041a\u041e\u041d\u0422\u0410\u041a\u0422\u042b"},"content":{"rendered":"\n<div class=\"wp-block-cover alignfull is-light\" style=\"min-height:350px;aspect-ratio:unset;\"><img loading=\"lazy\" decoding=\"async\" width=\"1707\" height=\"2560\" class=\"wp-block-cover__image-background wp-image-258\" alt=\"\" src=\"https:\/\/raadihotell.ee\/wp-content\/uploads\/2022\/10\/1-25-scaled.jpg\" style=\"object-position:57% 42%\" data-object-fit=\"cover\" data-object-position=\"57% 42%\" srcset=\"https:\/\/raadihotell.ee\/wp-content\/uploads\/2022\/10\/1-25-scaled.jpg 1707w, https:\/\/raadihotell.ee\/wp-content\/uploads\/2022\/10\/1-25-200x300.jpg 200w, https:\/\/raadihotell.ee\/wp-content\/uploads\/2022\/10\/1-25-683x1024.jpg 683w, https:\/\/raadihotell.ee\/wp-content\/uploads\/2022\/10\/1-25-768x1152.jpg 768w, https:\/\/raadihotell.ee\/wp-content\/uploads\/2022\/10\/1-25-1024x1536.jpg 1024w, https:\/\/raadihotell.ee\/wp-content\/uploads\/2022\/10\/1-25-1365x2048.jpg 1365w, https:\/\/raadihotell.ee\/wp-content\/uploads\/2022\/10\/1-25-1568x2352.jpg 1568w\" sizes=\"auto, (max-width: 1707px) 100vw, 1707px\" \/><span aria-hidden=\"true\" class=\"wp-block-cover__background has-background-dim-0 has-background-dim\"><\/span><div class=\"wp-block-cover__inner-container is-layout-flow wp-block-cover-is-layout-flow\">\n<h1 class=\"wp-block-heading has-text-align-center has-black-color has-text-color\" style=\"letter-spacing:5px\">\u041a\u041e\u041d\u0422\u0410\u041a\u0422\u042b<\/h1>\n<\/div><\/div>\n\n\n\n<div style=\"height:10px\" aria-hidden=\"true\" class=\"wp-block-spacer\"><\/div>\n\n\n\n<div class=\"wp-block-columns alignwide is-layout-flex wp-container-core-columns-is-layout-9d6595d7 wp-block-columns-is-layout-flex\">\n<div class=\"wp-block-column is-vertically-aligned-center is-layout-flow wp-block-column-is-layout-flow\" style=\"flex-basis:100%\">\n<div class=\"wp-block-columns has-background is-layout-flex wp-container-core-columns-is-layout-9d6595d7 wp-block-columns-is-layout-flex\" style=\"background-color:#eff3f1\">\n<div class=\"wp-block-column is-vertically-aligned-center is-layout-flow wp-block-column-is-layout-flow\">\n<p class=\"has-text-align-center\" style=\"letter-spacing:1px\">M\u00f5isav\u00e4rava O\u00dc<br>\u0420\u0435\u0433. \u043d\u043e\u043c\u0435\u0440 16570202<br>\u041d\u0421\u041e EE102532955<br><br>\u0411\u0430\u043d\u043a\u043e\u0432\u0441\u043a\u0438\u0435 \u0440\u0435\u043a\u0432\u0438\u0437\u0438\u0442\u044b:<br>SWEDBANK \u0440\/\u0441: EE122200221079954704<br>SWIFT: HABAEE2X<\/p>\n<\/div>\n\n\n\n<div class=\"wp-block-column is-vertically-aligned-center is-layout-flow wp-block-column-is-layout-flow\">\n<p class=\"has-text-align-center\" style=\"letter-spacing:1px\">\u041c\u044b\u0439\u0437\u0430\u0432\u044f\u0440\u0430\u0432\u0430 1, 60534, \u0420\u0430\u0430\u0434\u0438, \u0422\u0430\u0440\u0442\u0443, \u042d\u0441\u0442\u043e\u043d\u0438\u044f<br><a href=\"Tel:+372 733 8050\">+372 733 8050<\/a><br><a href=\"Tel: +372 5306 4223\">+372 5306 4223<\/a><br><a href=\"mailto:info@raadihotell.ee\">info@raadihotell.ee<\/a><br><br>\u0418\u043d\u0444\u043e\u0440\u043c\u0430\u0446\u0438\u044f \u043e \u0441\u0430\u0443\u043d\u0435, \u043a\u043e\u043d\u0444\u0435\u0440\u0435\u043d\u0446\u0438\u0438, \u0440\u0435\u0441\u0442\u043e\u0440\u0430\u043d\u0435:&nbsp;<br><a href=\"Tel:+372 5540150\">+372 5540150<\/a><br><a href=\"mailto:teenused@raadihotell.ee\">teenused@raadihotell.ee<\/a><br><br>\u041f\u0440\u0438\u0435\u0445\u0430\u0432\u0448\u0438\u0435 \u043a \u043d\u0430\u043c \u043d\u0430 \u043c\u0430\u0448\u0438\u043d\u0435 \u0441\u043c\u043e\u0433\u0443\u0442 \u043e\u0441\u0442\u0430\u0432\u0438\u0442\u044c \u0441\u0432\u043e\u0439 \u0430\u0432\u0442\u043e\u043c\u043e\u0431\u0438\u043b\u044c \u043d\u0430 \u0431\u0435\u0441\u043f\u043b\u0430\u0442\u043d\u043e\u0439 \u043f\u0430\u0440\u043a\u043e\u0432\u043a\u0435 \u043d\u0430\u043f\u0440\u043e\u0442\u0438\u0432 \u0433\u043e\u0441\u0442\u0438\u043d\u0438\u0446\u044b.<br>\u0412\u0435\u043b\u043e\u0441\u0438\u043f\u0435\u0434\u0438\u0441\u0442\u044b \u0441\u043c\u043e\u0433\u0443\u0442 \u0437\u0430\u0431\u043b\u043e\u043a\u0438\u0440\u043e\u0432\u0430\u0442\u044c \u0432\u0435\u043b\u043e\u0441\u0438\u043f\u0435\u0434 \u043d\u0430 \u0441\u043f\u0435\u0446\u0438\u0430\u043b\u044c\u043d\u043e\u0439 \u043f\u0430\u0440\u043a\u043e\u0432\u043a\u0435. \u0423 \u0432\u0430\u0441 \u0434\u043e\u043b\u0436\u0435\u043d \u0431\u044b\u0442\u044c \u0441\u0432\u043e\u0439 \u0437\u0430\u043c\u043e\u043a!<\/p>\n<\/div>\n<\/div>\n<\/div>\n<\/div>\n\n\n\n<div style=\"height:11px\" aria-hidden=\"true\" class=\"wp-block-spacer\"><\/div>\n\n\n\n<div class=\"wp-block-webfactory-map alignfull google-map-edhotels\"><div class=\"wp-block-webfactory-map\"><iframe loading=\"lazy\" width=\"100%\" height=\"449px\" src=\"https:\/\/www.google.com\/maps\/embed\/v1\/place?q=Raadim%C3%B5isa%20Hotell&amp;maptype=roadmap&amp;zoom=15&amp;key=AIzaSyAjyDspiPfzEfjRSS5fQzm-3jHFjHxeXB4\" frameborder=\"0\"><\/iframe><\/div><\/div>\n","protected":false},"excerpt":{"rendered":"<p>M\u00f5isav\u00e4rava O\u00dc\u0420\u0435\u0433. \u043d\u043e\u043c\u0435\u0440 16570202\u041d\u0421\u041e EE102532955 \u0411\u0430\u043d\u043a\u043e\u0432\u0441\u043a\u0438\u0435 \u0440\u0435\u043a\u0432\u0438\u0437\u0438\u0442\u044b:SWEDBANK \u0440\/\u0441: EE122200221079954704SWIFT: HABAEE2X \u041c\u044b\u0439\u0437\u0430\u0432\u044f\u0440\u0430\u0432\u0430 1, 60534, \u0420\u0430\u0430\u0434\u0438, \u0422\u0430\u0440\u0442\u0443, \u042d\u0441\u0442\u043e\u043d\u0438\u044f+372 733 8050+372 5306 4223info@raadihotell.ee \u0418\u043d\u0444\u043e\u0440\u043c\u0430\u0446\u0438\u044f \u043e \u0441\u0430\u0443\u043d\u0435, \u043a\u043e\u043d\u0444\u0435\u0440\u0435\u043d\u0446\u0438\u0438, \u0440\u0435\u0441\u0442\u043e\u0440\u0430\u043d\u0435:&nbsp;+372 5540150teenused@raadihotell.ee \u041f\u0440\u0438\u0435\u0445\u0430\u0432\u0448\u0438\u0435 \u043a \u043d\u0430\u043c \u043d\u0430 \u043c\u0430\u0448\u0438\u043d\u0435 \u0441\u043c\u043e\u0433\u0443\u0442 \u043e\u0441\u0442\u0430\u0432\u0438\u0442\u044c \u0441\u0432\u043e\u0439 \u0430\u0432\u0442\u043e\u043c\u043e\u0431\u0438\u043b\u044c \u043d\u0430 \u0431\u0435\u0441\u043f\u043b\u0430\u0442\u043d\u043e\u0439 \u043f\u0430\u0440\u043a\u043e\u0432\u043a\u0435 \u043d\u0430\u043f\u0440\u043e\u0442\u0438\u0432 \u0433\u043e\u0441\u0442\u0438\u043d\u0438\u0446\u044b.\u0412\u0435\u043b\u043e\u0441\u0438\u043f\u0435\u0434\u0438\u0441\u0442\u044b \u0441\u043c\u043e\u0433\u0443\u0442 \u0437\u0430\u0431\u043b\u043e\u043a\u0438\u0440\u043e\u0432\u0430\u0442\u044c \u0432\u0435\u043b\u043e\u0441\u0438\u043f\u0435\u0434 \u043d\u0430 \u0441\u043f\u0435\u0446\u0438\u0430\u043b\u044c\u043d\u043e\u0439 \u043f\u0430\u0440\u043a\u043e\u0432\u043a\u0435. \u0423 \u0432\u0430\u0441 \u0434\u043e\u043b\u0436\u0435\u043d \u0431\u044b\u0442\u044c \u0441\u0432\u043e\u0439 \u0437\u0430\u043c\u043e\u043a!<\/p>\n","protected":false},"author":2,"featured_media":0,"parent":0,"menu_order":5,"comment_status":"closed","ping_status":"closed","template":"","meta":{"footnotes":""},"class_list":["post-809","page","type-page","status-publish","hentry"],"yoast_head":"<!-- This site is optimized with the Yoast SEO plugin v27.0 - https:\/\/yoast.com\/product\/yoast-seo-wordpress\/ -->\n<title>\u041a\u041e\u041d\u0422\u0410\u041a\u0422\u042b - Raadim\u00f5isa Hotell<\/title>\n<meta name=\"robots\" content=\"index, follow, max-snippet:-1, max-image-preview:large, max-video-preview:-1\" \/>\n<link rel=\"canonical\" href=\"https:\/\/raadihotell.ee\/ru\/kontakt\/\" \/>\n<meta property=\"og:locale\" content=\"ru_RU\" \/>\n<meta property=\"og:type\" content=\"article\" \/>\n<meta property=\"og:title\" content=\"\u041a\u041e\u041d\u0422\u0410\u041a\u0422\u042b - Raadim\u00f5isa Hotell\" \/>\n<meta property=\"og:description\" content=\"M\u00f5isav\u00e4rava O\u00dc\u0420\u0435\u0433. \u043d\u043e\u043c\u0435\u0440 16570202\u041d\u0421\u041e EE102532955 \u0411\u0430\u043d\u043a\u043e\u0432\u0441\u043a\u0438\u0435 \u0440\u0435\u043a\u0432\u0438\u0437\u0438\u0442\u044b:SWEDBANK \u0440\/\u0441: EE122200221079954704SWIFT: HABAEE2X \u041c\u044b\u0439\u0437\u0430\u0432\u044f\u0440\u0430\u0432\u0430 1, 60534, \u0420\u0430\u0430\u0434\u0438, \u0422\u0430\u0440\u0442\u0443, \u042d\u0441\u0442\u043e\u043d\u0438\u044f+372 733 8050+372 5306 4223info@raadihotell.ee \u0418\u043d\u0444\u043e\u0440\u043c\u0430\u0446\u0438\u044f \u043e \u0441\u0430\u0443\u043d\u0435, \u043a\u043e\u043d\u0444\u0435\u0440\u0435\u043d\u0446\u0438\u0438, \u0440\u0435\u0441\u0442\u043e\u0440\u0430\u043d\u0435:&nbsp;+372 5540150teenused@raadihotell.ee \u041f\u0440\u0438\u0435\u0445\u0430\u0432\u0448\u0438\u0435 \u043a \u043d\u0430\u043c \u043d\u0430 \u043c\u0430\u0448\u0438\u043d\u0435 \u0441\u043c\u043e\u0433\u0443\u0442 \u043e\u0441\u0442\u0430\u0432\u0438\u0442\u044c \u0441\u0432\u043e\u0439 \u0430\u0432\u0442\u043e\u043c\u043e\u0431\u0438\u043b\u044c \u043d\u0430 \u0431\u0435\u0441\u043f\u043b\u0430\u0442\u043d\u043e\u0439 \u043f\u0430\u0440\u043a\u043e\u0432\u043a\u0435 \u043d\u0430\u043f\u0440\u043e\u0442\u0438\u0432 \u0433\u043e\u0441\u0442\u0438\u043d\u0438\u0446\u044b.\u0412\u0435\u043b\u043e\u0441\u0438\u043f\u0435\u0434\u0438\u0441\u0442\u044b \u0441\u043c\u043e\u0433\u0443\u0442 \u0437\u0430\u0431\u043b\u043e\u043a\u0438\u0440\u043e\u0432\u0430\u0442\u044c \u0432\u0435\u043b\u043e\u0441\u0438\u043f\u0435\u0434 \u043d\u0430 \u0441\u043f\u0435\u0446\u0438\u0430\u043b\u044c\u043d\u043e\u0439 \u043f\u0430\u0440\u043a\u043e\u0432\u043a\u0435. \u0423 \u0432\u0430\u0441 \u0434\u043e\u043b\u0436\u0435\u043d \u0431\u044b\u0442\u044c \u0441\u0432\u043e\u0439 \u0437\u0430\u043c\u043e\u043a!\" \/>\n<meta property=\"og:url\" content=\"https:\/\/raadihotell.ee\/ru\/kontakt\/\" \/>\n<meta property=\"og:site_name\" content=\"Raadim\u00f5isa Hotell\" \/>\n<meta property=\"article:modified_time\" content=\"2025-08-12T08:56:38+00:00\" \/>\n<meta property=\"og:image\" content=\"https:\/\/raadihotell.ee\/wp-content\/uploads\/2022\/10\/1-25-scaled.jpg\" \/>\n\t<meta property=\"og:image:width\" content=\"1707\" \/>\n\t<meta property=\"og:image:height\" content=\"2560\" \/>\n\t<meta property=\"og:image:type\" content=\"image\/jpeg\" \/>\n<meta name=\"twitter:card\" content=\"summary_large_image\" \/>\n<meta name=\"twitter:label1\" content=\"\u041f\u0440\u0438\u043c\u0435\u0440\u043d\u043e\u0435 \u0432\u0440\u0435\u043c\u044f \u0434\u043b\u044f \u0447\u0442\u0435\u043d\u0438\u044f\" \/>\n\t<meta name=\"twitter:data1\" content=\"1 \u043c\u0438\u043d\u0443\u0442\u0430\" \/>\n<script type=\"application\/ld+json\" class=\"yoast-schema-graph\">{\"@context\":\"https:\/\/schema.org\",\"@graph\":[{\"@type\":\"WebPage\",\"@id\":\"https:\/\/raadihotell.ee\/ru\/kontakt\/\",\"url\":\"https:\/\/raadihotell.ee\/ru\/kontakt\/\",\"name\":\"\u041a\u041e\u041d\u0422\u0410\u041a\u0422\u042b - Raadim\u00f5isa Hotell\",\"isPartOf\":{\"@id\":\"https:\/\/raadihotell.ee\/#website\"},\"primaryImageOfPage\":{\"@id\":\"https:\/\/raadihotell.ee\/ru\/kontakt\/#primaryimage\"},\"image\":{\"@id\":\"https:\/\/raadihotell.ee\/ru\/kontakt\/#primaryimage\"},\"thumbnailUrl\":\"https:\/\/raadihotell.ee\/wp-content\/uploads\/2022\/10\/1-25-scaled.jpg\",\"datePublished\":\"2022-10-25T08:13:36+00:00\",\"dateModified\":\"2025-08-12T08:56:38+00:00\",\"breadcrumb\":{\"@id\":\"https:\/\/raadihotell.ee\/ru\/kontakt\/#breadcrumb\"},\"inLanguage\":\"ru-RU\",\"potentialAction\":[{\"@type\":\"ReadAction\",\"target\":[\"https:\/\/raadihotell.ee\/ru\/kontakt\/\"]}]},{\"@type\":\"ImageObject\",\"inLanguage\":\"ru-RU\",\"@id\":\"https:\/\/raadihotell.ee\/ru\/kontakt\/#primaryimage\",\"url\":\"https:\/\/raadihotell.ee\/wp-content\/uploads\/2022\/10\/1-25-scaled.jpg\",\"contentUrl\":\"https:\/\/raadihotell.ee\/wp-content\/uploads\/2022\/10\/1-25-scaled.jpg\"},{\"@type\":\"BreadcrumbList\",\"@id\":\"https:\/\/raadihotell.ee\/ru\/kontakt\/#breadcrumb\",\"itemListElement\":[{\"@type\":\"ListItem\",\"position\":1,\"name\":\"Home\",\"item\":\"https:\/\/raadihotell.ee\/ru\/\"},{\"@type\":\"ListItem\",\"position\":2,\"name\":\"\u041a\u041e\u041d\u0422\u0410\u041a\u0422\u042b\"}]},{\"@type\":\"WebSite\",\"@id\":\"https:\/\/raadihotell.ee\/#website\",\"url\":\"https:\/\/raadihotell.ee\/\",\"name\":\"Raadim\u00f5isa Hotell\",\"description\":\"Raadim\u00f5isa Hotell Tartus\",\"potentialAction\":[{\"@type\":\"SearchAction\",\"target\":{\"@type\":\"EntryPoint\",\"urlTemplate\":\"https:\/\/raadihotell.ee\/?s={search_term_string}\"},\"query-input\":{\"@type\":\"PropertyValueSpecification\",\"valueRequired\":true,\"valueName\":\"search_term_string\"}}],\"inLanguage\":\"ru-RU\"}]}<\/script>\n<!-- \/ Yoast SEO plugin. -->","yoast_head_json":{"title":"\u041a\u041e\u041d\u0422\u0410\u041a\u0422\u042b - Raadim\u00f5isa Hotell","robots":{"index":"index","follow":"follow","max-snippet":"max-snippet:-1","max-image-preview":"max-image-preview:large","max-video-preview":"max-video-preview:-1"},"canonical":"https:\/\/raadihotell.ee\/ru\/kontakt\/","og_locale":"ru_RU","og_type":"article","og_title":"\u041a\u041e\u041d\u0422\u0410\u041a\u0422\u042b - Raadim\u00f5isa Hotell","og_description":"M\u00f5isav\u00e4rava O\u00dc\u0420\u0435\u0433. \u043d\u043e\u043c\u0435\u0440 16570202\u041d\u0421\u041e EE102532955 \u0411\u0430\u043d\u043a\u043e\u0432\u0441\u043a\u0438\u0435 \u0440\u0435\u043a\u0432\u0438\u0437\u0438\u0442\u044b:SWEDBANK \u0440\/\u0441: EE122200221079954704SWIFT: HABAEE2X \u041c\u044b\u0439\u0437\u0430\u0432\u044f\u0440\u0430\u0432\u0430 1, 60534, \u0420\u0430\u0430\u0434\u0438, \u0422\u0430\u0440\u0442\u0443, \u042d\u0441\u0442\u043e\u043d\u0438\u044f+372 733 8050+372 5306 4223info@raadihotell.ee \u0418\u043d\u0444\u043e\u0440\u043c\u0430\u0446\u0438\u044f \u043e \u0441\u0430\u0443\u043d\u0435, \u043a\u043e\u043d\u0444\u0435\u0440\u0435\u043d\u0446\u0438\u0438, \u0440\u0435\u0441\u0442\u043e\u0440\u0430\u043d\u0435:&nbsp;+372 5540150teenused@raadihotell.ee \u041f\u0440\u0438\u0435\u0445\u0430\u0432\u0448\u0438\u0435 \u043a \u043d\u0430\u043c \u043d\u0430 \u043c\u0430\u0448\u0438\u043d\u0435 \u0441\u043c\u043e\u0433\u0443\u0442 \u043e\u0441\u0442\u0430\u0432\u0438\u0442\u044c \u0441\u0432\u043e\u0439 \u0430\u0432\u0442\u043e\u043c\u043e\u0431\u0438\u043b\u044c \u043d\u0430 \u0431\u0435\u0441\u043f\u043b\u0430\u0442\u043d\u043e\u0439 \u043f\u0430\u0440\u043a\u043e\u0432\u043a\u0435 \u043d\u0430\u043f\u0440\u043e\u0442\u0438\u0432 \u0433\u043e\u0441\u0442\u0438\u043d\u0438\u0446\u044b.\u0412\u0435\u043b\u043e\u0441\u0438\u043f\u0435\u0434\u0438\u0441\u0442\u044b \u0441\u043c\u043e\u0433\u0443\u0442 \u0437\u0430\u0431\u043b\u043e\u043a\u0438\u0440\u043e\u0432\u0430\u0442\u044c \u0432\u0435\u043b\u043e\u0441\u0438\u043f\u0435\u0434 \u043d\u0430 \u0441\u043f\u0435\u0446\u0438\u0430\u043b\u044c\u043d\u043e\u0439 \u043f\u0430\u0440\u043a\u043e\u0432\u043a\u0435. \u0423 \u0432\u0430\u0441 \u0434\u043e\u043b\u0436\u0435\u043d \u0431\u044b\u0442\u044c \u0441\u0432\u043e\u0439 \u0437\u0430\u043c\u043e\u043a!","og_url":"https:\/\/raadihotell.ee\/ru\/kontakt\/","og_site_name":"Raadim\u00f5isa Hotell","article_modified_time":"2025-08-12T08:56:38+00:00","og_image":[{"width":1707,"height":2560,"url":"https:\/\/raadihotell.ee\/wp-content\/uploads\/2022\/10\/1-25-scaled.jpg","type":"image\/jpeg"}],"twitter_card":"summary_large_image","twitter_misc":{"\u041f\u0440\u0438\u043c\u0435\u0440\u043d\u043e\u0435 \u0432\u0440\u0435\u043c\u044f \u0434\u043b\u044f \u0447\u0442\u0435\u043d\u0438\u044f":"1 \u043c\u0438\u043d\u0443\u0442\u0430"},"schema":{"@context":"https:\/\/schema.org","@graph":[{"@type":"WebPage","@id":"https:\/\/raadihotell.ee\/ru\/kontakt\/","url":"https:\/\/raadihotell.ee\/ru\/kontakt\/","name":"\u041a\u041e\u041d\u0422\u0410\u041a\u0422\u042b - Raadim\u00f5isa Hotell","isPartOf":{"@id":"https:\/\/raadihotell.ee\/#website"},"primaryImageOfPage":{"@id":"https:\/\/raadihotell.ee\/ru\/kontakt\/#primaryimage"},"image":{"@id":"https:\/\/raadihotell.ee\/ru\/kontakt\/#primaryimage"},"thumbnailUrl":"https:\/\/raadihotell.ee\/wp-content\/uploads\/2022\/10\/1-25-scaled.jpg","datePublished":"2022-10-25T08:13:36+00:00","dateModified":"2025-08-12T08:56:38+00:00","breadcrumb":{"@id":"https:\/\/raadihotell.ee\/ru\/kontakt\/#breadcrumb"},"inLanguage":"ru-RU","potentialAction":[{"@type":"ReadAction","target":["https:\/\/raadihotell.ee\/ru\/kontakt\/"]}]},{"@type":"ImageObject","inLanguage":"ru-RU","@id":"https:\/\/raadihotell.ee\/ru\/kontakt\/#primaryimage","url":"https:\/\/raadihotell.ee\/wp-content\/uploads\/2022\/10\/1-25-scaled.jpg","contentUrl":"https:\/\/raadihotell.ee\/wp-content\/uploads\/2022\/10\/1-25-scaled.jpg"},{"@type":"BreadcrumbList","@id":"https:\/\/raadihotell.ee\/ru\/kontakt\/#breadcrumb","itemListElement":[{"@type":"ListItem","position":1,"name":"Home","item":"https:\/\/raadihotell.ee\/ru\/"},{"@type":"ListItem","position":2,"name":"\u041a\u041e\u041d\u0422\u0410\u041a\u0422\u042b"}]},{"@type":"WebSite","@id":"https:\/\/raadihotell.ee\/#website","url":"https:\/\/raadihotell.ee\/","name":"Raadim\u00f5isa Hotell","description":"Raadim\u00f5isa Hotell Tartus","potentialAction":[{"@type":"SearchAction","target":{"@type":"EntryPoint","urlTemplate":"https:\/\/raadihotell.ee\/?s={search_term_string}"},"query-input":{"@type":"PropertyValueSpecification","valueRequired":true,"valueName":"search_term_string"}}],"inLanguage":"ru-RU"}]}},"_links":{"self":[{"href":"https:\/\/raadihotell.ee\/ru\/wp-json\/wp\/v2\/pages\/809","targetHints":{"allow":["GET"]}}],"collection":[{"href":"https:\/\/raadihotell.ee\/ru\/wp-json\/wp\/v2\/pages"}],"about":[{"href":"https:\/\/raadihotell.ee\/ru\/wp-json\/wp\/v2\/types\/page"}],"author":[{"embeddable":true,"href":"https:\/\/raadihotell.ee\/ru\/wp-json\/wp\/v2\/users\/2"}],"replies":[{"embeddable":true,"href":"https:\/\/raadihotell.ee\/ru\/wp-json\/wp\/v2\/comments?post=809"}],"version-history":[{"count":5,"href":"https:\/\/raadihotell.ee\/ru\/wp-json\/wp\/v2\/pages\/809\/revisions"}],"predecessor-version":[{"id":1307,"href":"https:\/\/raadihotell.ee\/ru\/wp-json\/wp\/v2\/pages\/809\/revisions\/1307"}],"wp:attachment":[{"href":"https:\/\/raadihotell.ee\/ru\/wp-json\/wp\/v2\/media?parent=809"}],"curies":[{"name":"wp","href":"https:\/\/api.w.org\/{rel}","templated":true}]}}